{"id":1551,"date":"2020-09-15T09:18:54","date_gmt":"2020-09-15T09:18:54","guid":{"rendered":"http:\/\/wicomgroup.es:8008\/macuto\/?page_id=1551"},"modified":"2020-10-20T08:57:30","modified_gmt":"2020-10-20T08:57:30","slug":"mercado","status":"publish","type":"page","link":"https:\/\/www.ganadosmacuto.com\/fr\/mercado\/","title":{"rendered":"March\u00e9"},"content":{"rendered":"[vc_row full_width=\u00a0\u00bbstretch_row_content_no_spaces\u00a0\u00bb css=\u00a0\u00bb.vc_custom_1601977747711{margin-bottom: 0px !important;padding-top: 0px !important;}\u00a0\u00bb el_class=\u00a0\u00bbcolum-mer\u00a0\u00bb][vc_column css=\u00a0\u00bb.vc_custom_1602153471941{padding-top: 0px !important;background-image: url(https:\/\/www.ganadosmacuto.com\/wp-content\/uploads\/2020\/10\/mapa-3.jpg?id=1881) !important;background-position: center !important;background-repeat: no-repeat !important;background-size: cover !important;}\u00a0\u00bb][vc_empty_space height=\u00a0\u00bb400px\u00a0\u00bb][\/vc_column][\/vc_row][vc_row full_width=\u00a0\u00bbstretch_row\u00a0\u00bb css=\u00a0\u00bb.vc_custom_1600163315854{padding-top: 5em !important;padding-bottom: 5em !important;}\u00a0\u00bb el_id=\u00a0\u00bbmercados\u00a0\u00bb][vc_column css=\u00a0\u00bb.vc_custom_1600162736698{padding-top: 0px !important;background-position: center !important;background-repeat: no-repeat !important;background-size: cover !important;}\u00a0\u00bb][vc_column_text]\r\n<h2 style=\"text-align: center;\">MARCH\u00c9<\/h2>\r\n&nbsp;\r\n<h3 style=\"text-align: center;\"><strong>ESPAGNE<\/strong><\/h3>\r\n<p style=\"text-align: center;\">Chez <strong>GANADOS MACUTO<\/strong> nous distribuons nos animaux dans toute <strong>l\u2019Espagne<\/strong>,orient\u00e9 notremarch\u00e9 \u00e0 la fois au commerce de proximit\u00e9, avec les petits bouchers locaux et priv\u00e9s, ainsi que degrandes surfaces.<\/p>\r\n\r\n<h3><\/h3>\r\n<h3 style=\"text-align: center;\"><strong>INTERNATIONAL<\/strong><\/h3>\r\n<p style=\"text-align: center;\">Au niveau international, nous distribuons des agneaux et des brebis vivants et carcasses dans toute <strong>l\u2019Europe et l\u2019Afrique du Nord.<\/strong><\/p>\r\n<p style=\"text-align: center;\"><strong>L\u2019agneau Al-Andalus<\/strong> est tr\u00e8s appreci\u00e9 en dehors de nos fronti\u00e8res.<\/p>\r\n[\/vc_column_text][\/vc_column][\/vc_row][vc_row][vc_column][vc_raw_html]JTVCZXZlcmVzdF9nYWxsZXJ5JTIwYWxpYXMlM0QlMjJtZXJjYWRvJTIyJTVE[\/vc_raw_html][\/vc_column][\/vc_row]","protected":false},"excerpt":{"rendered":"<p>[vc_row full_width=\u00a0\u00bbstretch_row_content_no_spaces\u00a0\u00bb css=\u00a0\u00bb.vc_custom_1601977747711{margin-bottom: 0px !important;padding-top: 0px !important;}\u00a0\u00bb el_class=\u00a0\u00bbcolum-mer\u00a0\u00bb][vc_column css=\u00a0\u00bb.vc_custom_1602153471941{padding-top: 0px !important;background-image: url(https:\/\/www.ganadosmacuto.com\/wp-content\/uploads\/2020\/10\/mapa-3.jpg?id=1881) !important;background-position: center !important;background-repeat: no-repeat !important;background-size: cover !important;}\u00a0\u00bb][vc_empty_space height=\u00a0\u00bb400px\u00a0\u00bb][\/vc_column][\/vc_row][vc_row full_width=\u00a0\u00bbstretch_row\u00a0\u00bb css=\u00a0\u00bb.vc_custom_1600163315854{padding-top: 5em !important;padding-bottom: 5em !important;}\u00a0\u00bb el_id=\u00a0\u00bbmercados\u00a0\u00bb][vc_column css=\u00a0\u00bb.vc_custom_1600162736698{padding-top: 0px !important;background-position: center !important;background-repeat: no-repeat !important;background-size: cover !important;}\u00a0\u00bb][vc_column_text] MARCH\u00c9 &nbsp; ESPAGNE Chez GANADOS MACUTO nous distribuons nos animaux dans toute l\u2019Espagne,orient\u00e9 notremarch\u00e9 \u00e0 la fois au commerce&hellip;<\/p>\n","protected":false},"author":1,"featured_media":0,"parent":0,"menu_order":0,"comment_status":"closed","ping_status":"closed","template":"","meta":{"_mi_skip_tracking":false},"aioseo_notices":[],"_links":{"self":[{"href":"https:\/\/www.ganadosmacuto.com\/fr\/wp-json\/wp\/v2\/pages\/1551"}],"collection":[{"href":"https:\/\/www.ganadosmacuto.com\/fr\/wp-json\/wp\/v2\/pages"}],"about":[{"href":"https:\/\/www.ganadosmacuto.com\/fr\/wp-json\/wp\/v2\/types\/page"}],"author":[{"embeddable":true,"href":"https:\/\/www.ganadosmacuto.com\/fr\/wp-json\/wp\/v2\/users\/1"}],"replies":[{"embeddable":true,"href":"https:\/\/www.ganadosmacuto.com\/fr\/wp-json\/wp\/v2\/comments?post=1551"}],"version-history":[{"count":27,"href":"https:\/\/www.ganadosmacuto.com\/fr\/wp-json\/wp\/v2\/pages\/1551\/revisions"}],"predecessor-version":[{"id":2032,"href":"https:\/\/www.ganadosmacuto.com\/fr\/wp-json\/wp\/v2\/pages\/1551\/revisions\/2032"}],"wp:attachment":[{"href":"https:\/\/www.ganadosmacuto.com\/fr\/wp-json\/wp\/v2\/media?parent=1551"}],"curies":[{"name":"wp","href":"https:\/\/api.w.org\/{rel}","templated":true}]}}