{"id":1540,"date":"2020-09-14T10:35:38","date_gmt":"2020-09-14T10:35:38","guid":{"rendered":"http:\/\/wicomgroup.es:8008\/macuto\/?page_id=1540"},"modified":"2021-09-01T10:22:49","modified_gmt":"2021-09-01T10:22:49","slug":"historia","status":"publish","type":"page","link":"https:\/\/www.ganadosmacuto.com\/fr\/historia\/","title":{"rendered":"Historia"},"content":{"rendered":"<p>[vc_row full_width=\u00a0\u00bbstretch_row_content_no_spaces\u00a0\u00bb equal_height=\u00a0\u00bbyes\u00a0\u00bb content_placement=\u00a0\u00bbmiddle\u00a0\u00bb el_class=\u00a0\u00bbfeature-block colum\u00a0\u00bb css=\u00a0\u00bb.vc_custom_1601975126175{padding-top: 5em !important;}\u00a0\u00bb][vc_column width=\u00a0\u00bb1\/2&Prime; css=\u00a0\u00bb.vc_custom_1601974888172{background-image: url(https:\/\/www.ganadosmacuto.com\/wp-content\/uploads\/2020\/10\/familia-macuto-rebano2-1.jpg?id=1806) !important;background-position: center !important;background-repeat: no-repeat !important;background-size: cover !important;}\u00a0\u00bb el_class=\u00a0\u00bbcolum\u00a0\u00bb][vc_empty_space height=\u00a0\u00bb600px\u00a0\u00bb][\/vc_column][vc_column width=\u00a0\u00bb1\/2&Prime; el_class=\u00a0\u00bbtext-estrecho\u00a0\u00bb css=\u00a0\u00bb.vc_custom_1600764432248{padding-top: 2em !important;background-image: url(https:\/\/www.ganadosmacuto.com\/wp-content\/uploads\/2020\/09\/logo-rebajado.jpg?id=1544) !important;background-position: 0 0 !important;background-repeat: no-repeat !important;}\u00a0\u00bb][vc_column_text el_class=\u00a0\u00bbtext-block\u00a0\u00bb css=\u00a0\u00bb.vc_custom_1603184333987{padding-top: 2em !important;}\u00a0\u00bb]<\/p>\r\n<h2>TRADITION FAMILIARE<\/h2>\r\n<h3>QUATRE D\u00c9CENNIES CONSACR\u00c9ES<br \/>\r\n\u00c0 L\u2019\u00c9LEVAGE OVIN<\/h3>\r\n<p>GANADOS MACUTO a \u00e9t\u00e9 cr\u00e9\u00e9 en 1974 dans la ville de Ba\u00f1ares (La Rioja). C\u2019est une entreprise autodidacte, anim\u00e9e par les choses bien faites, o\u00f9 on travaille chaque jour pour offrir la plus haute qualit\u00e9 aux clients.[\/vc_column_text][vc_column_text el_class=\u00a0\u00bbtext-block\u00a0\u00bb]Actuellement, la troisi\u00e8me g\u00e9n\u00e9ration de la famille continue avec l\u2019h\u00e9ritage,en fournissant \u00e0 l\u2019entreprise avec les technologies les plus innovantes pour le bien-\u00eatre des animaux, et la qualit\u00e9 de sa viande, en expansion sur l\u2019ensemble du territoire national et international.[\/vc_column_text][vc_empty_space height=\u00a0\u00bb203px\u00a0\u00bb][\/vc_column][\/vc_row][vc_row full_width=\u00a0\u00bbstretch_row_content_no_spaces\u00a0\u00bb equal_height=\u00a0\u00bbyes\u00a0\u00bb content_placement=\u00a0\u00bbmiddle\u00a0\u00bb el_class=\u00a0\u00bbfeature-block reverse\u00a0\u00bb][vc_column width=\u00a0\u00bb1\/2&Prime; el_class=\u00a0\u00bbcolum\u00a0\u00bb][vc_column_text el_class=\u00a0\u00bbtext-block text-estrecho rever\u00a0\u00bb]<\/p>\r\n<h3>Trois g\u00e9n\u00e9rations garantissent une solide<br \/>\r\nexp\u00e9rience et un professionnalisme<\/h3>\r\n<p>GANADOS MACUTO est une entreprise familiale qui est pass\u00e9e de p\u00e8re en fils, anim\u00e9s par l\u2019amour pour les animaux, la pers\u00e9v\u00e9rance et l\u2019effort au jour le jour.<\/p>\r\n<p>Nous travaillons dur pour toujours offrir la plus haute qualit\u00e9 aux clients.[\/vc_column_text][\/vc_column][vc_column width=\u00a0\u00bb1\/2&Prime; css=\u00a0\u00bb.vc_custom_1601649771822{background-image: url(https:\/\/www.ganadosmacuto.com\/wp-content\/uploads\/2020\/09\/familia-macuto2.2.jpg?id=1714) !important;background-position: center !important;background-repeat: no-repeat !important;background-size: cover !important;}\u00a0\u00bb el_class=\u00a0\u00bbcolum\u00a0\u00bb][vc_empty_space height=\u00a0\u00bb600px\u00a0\u00bb][\/vc_column][\/vc_row][vc_row full_width=\u00a0\u00bbstretch_row_content_no_spaces\u00a0\u00bb equal_height=\u00a0\u00bbyes\u00a0\u00bb content_placement=\u00a0\u00bbmiddle\u00a0\u00bb el_class=\u00a0\u00bbfeature-block\u00a0\u00bb][vc_column width=\u00a0\u00bb1\/2&Prime; css=\u00a0\u00bb.vc_custom_1601649778257{background-image: url(https:\/\/www.ganadosmacuto.com\/wp-content\/uploads\/2020\/10\/GANADOS-MACUTO.jpg?id=1780) !important;background-position: center !important;background-repeat: no-repeat !important;background-size: cover !important;}\u00a0\u00bb el_class=\u00a0\u00bbcolum\u00a0\u00bb][vc_empty_space height=\u00a0\u00bb600px\u00a0\u00bb][\/vc_column][vc_column width=\u00a0\u00bb1\/2&Prime; el_class=\u00a0\u00bbcolum\u00a0\u00bb][vc_column_text el_class=\u00a0\u00bbtext-block text-estrecho\u00a0\u00bb]<\/p>\r\n<h3>La modernisation des exploitations agricoles,<br \/>\r\nle bien-\u00eatre animal et la qualit\u00e9 optimale<br \/>\r\nsont des piliers essentiels de l\u2019entreprise.<\/h3>\r\n<p>Chez GANADOS MACUTO, nous travaillons et parions sur le bien-\u00eatre des animaux.<\/p>\r\n<p>Les installations sont parfaitement ventil\u00e9es et cub\u00e9es pour loger les agneaux et les moutons dans les meilleures conditions et leur offrir de vastes espaces, pour leur confort et leur qualit\u00e9 animale.[\/vc_column_text][\/vc_column][\/vc_row][vc_row full_width=\u00a0\u00bbstretch_row_content_no_spaces\u00a0\u00bb equal_height=\u00a0\u00bbyes\u00a0\u00bb content_placement=\u00a0\u00bbmiddle\u00a0\u00bb el_class=\u00a0\u00bbfeature-block reverse\u00a0\u00bb][vc_column width=\u00a0\u00bb1\/2&Prime; el_class=\u00a0\u00bbcolum\u00a0\u00bb][vc_column_text el_class=\u00a0\u00bbtext-block text-estrecho rever\u00a0\u00bb]<\/p>\r\n<h2 style=\"text-align: right;\">GANADOS MACUTO<\/h2>\r\n<h3 style=\"text-align: right;\">CONNAISSEZ-NOUS PAR<br \/>\r\nDE NOTRE VID\u00c9O DE PR\u00c9SENTATION<\/h3>\r\n<p>[\/vc_column_text][\/vc_column][vc_column width=\u00a0\u00bb1\/2&Prime; css=\u00a0\u00bb.vc_custom_1629704906345{background-position: center !important;background-repeat: no-repeat !important;background-size: cover !important;}\u00a0\u00bb el_class=\u00a0\u00bbcolum sinPad\u00a0\u00bb][vc_video link=\u00a0\u00bbhttps:\/\/www.youtube.com\/watch?v=5Nb0P5JGSMg\u00a0\u00bb][\/vc_column][\/vc_row]<\/p>","protected":false},"excerpt":{"rendered":"<p>[vc_row full_width=\u00a0\u00bbstretch_row_content_no_spaces\u00a0\u00bb equal_height=\u00a0\u00bbyes\u00a0\u00bb content_placement=\u00a0\u00bbmiddle\u00a0\u00bb el_class=\u00a0\u00bbfeature-block colum\u00a0\u00bb css=\u00a0\u00bb.vc_custom_1601975126175{padding-top: 5em !important;}\u00a0\u00bb][vc_column width=\u00a0\u00bb1\/2&Prime; css=\u00a0\u00bb.vc_custom_1601974888172{background-image: url(https:\/\/www.ganadosmacuto.com\/wp-content\/uploads\/2020\/10\/familia-macuto-rebano2-1.jpg?id=1806) !important;background-position: center !important;background-repeat: no-repeat !important;background-size: cover !important;}\u00a0\u00bb el_class=\u00a0\u00bbcolum\u00a0\u00bb][vc_empty_space height=\u00a0\u00bb600px\u00a0\u00bb][\/vc_column][vc_column width=\u00a0\u00bb1\/2&Prime; el_class=\u00a0\u00bbtext-estrecho\u00a0\u00bb css=\u00a0\u00bb.vc_custom_1600764432248{padding-top: 2em !important;background-image: url(https:\/\/www.ganadosmacuto.com\/wp-content\/uploads\/2020\/09\/logo-rebajado.jpg?id=1544) !important;background-position: 0 0 !important;background-repeat: no-repeat !important;}\u00a0\u00bb][vc_column_text el_class=\u00a0\u00bbtext-block\u00a0\u00bb css=\u00a0\u00bb.vc_custom_1603184333987{padding-top: 2em !important;}\u00a0\u00bb] TRADITION FAMILIARE QUATRE D\u00c9CENNIES CONSACR\u00c9ES \u00c0 L\u2019\u00c9LEVAGE OVIN GANADOS MACUTO a \u00e9t\u00e9 cr\u00e9\u00e9 en 1974 dans la ville&hellip;<\/p>\n","protected":false},"author":1,"featured_media":0,"parent":0,"menu_order":0,"comment_status":"closed","ping_status":"closed","template":"","meta":{"_mi_skip_tracking":false},"aioseo_notices":[],"_links":{"self":[{"href":"https:\/\/www.ganadosmacuto.com\/fr\/wp-json\/wp\/v2\/pages\/1540"}],"collection":[{"href":"https:\/\/www.ganadosmacuto.com\/fr\/wp-json\/wp\/v2\/pages"}],"about":[{"href":"https:\/\/www.ganadosmacuto.com\/fr\/wp-json\/wp\/v2\/types\/page"}],"author":[{"embeddable":true,"href":"https:\/\/www.ganadosmacuto.com\/fr\/wp-json\/wp\/v2\/users\/1"}],"replies":[{"embeddable":true,"href":"https:\/\/www.ganadosmacuto.com\/fr\/wp-json\/wp\/v2\/comments?post=1540"}],"version-history":[{"count":36,"href":"https:\/\/www.ganadosmacuto.com\/fr\/wp-json\/wp\/v2\/pages\/1540\/revisions"}],"predecessor-version":[{"id":2074,"href":"https:\/\/www.ganadosmacuto.com\/fr\/wp-json\/wp\/v2\/pages\/1540\/revisions\/2074"}],"wp:attachment":[{"href":"https:\/\/www.ganadosmacuto.com\/fr\/wp-json\/wp\/v2\/media?parent=1540"}],"curies":[{"name":"wp","href":"https:\/\/api.w.org\/{rel}","templated":true}]}}