{"id":1445,"date":"2020-09-11T11:24:10","date_gmt":"2020-09-11T11:24:10","guid":{"rendered":"http:\/\/wicomgroup.es:8008\/macuto\/?page_id=1445"},"modified":"2022-04-04T09:53:08","modified_gmt":"2022-04-04T09:53:08","slug":"ganados","status":"publish","type":"page","link":"https:\/\/www.ganadosmacuto.com\/fr\/ganados\/","title":{"rendered":"Services"},"content":{"rendered":"[vc_row full_width=\u00a0\u00bbstretch_row_content_no_spaces\u00a0\u00bb css=\u00a0\u00bb.vc_custom_1601971127994{margin-bottom: 0px !important;padding-top: 0px !important;}\u00a0\u00bb el_class=\u00a0\u00bbcolum\u00a0\u00bb][vc_column css=\u00a0\u00bb.vc_custom_1601969719140{padding-top: 0px !important;background-image: url(https:\/\/www.ganadosmacuto.com\/wp-content\/uploads\/2020\/10\/banner-pedido.jpg?id=1774) !important;background-position: center !important;background-repeat: no-repeat !important;background-size: cover !important;}\u00a0\u00bb][vc_empty_space height=\u00a0\u00bb350px\u00a0\u00bb][\/vc_column][\/vc_row][vc_row gap=\u00a0\u00bb35&Prime; el_class=\u00a0\u00bbservices-row\u00a0\u00bb css=\u00a0\u00bb.vc_custom_1600074678797{padding-top: 5em !important;padding-bottom: 3em !important;}\u00a0\u00bb][vc_column width=\u00a0\u00bb1\/4&Prime; el_class=\u00a0\u00bbservice-box\u00a0\u00bb offset=\u00a0\u00bbvc_col-lg-3 vc_col-md-6 vc_col-xs-6&Prime;][vc_single_image image=\u00a0\u00bb1472&Prime; img_size=\u00a0\u00bbfull\u00a0\u00bb alignment=\u00a0\u00bbcenter\u00a0\u00bb el_class=\u00a0\u00bbretina-icon\u00a0\u00bb][vc_column_text]\r\n<h3 style=\"text-align: center;\">ACHAT ET VENTE\r\nDE B\u00c9TAIL\r\nOVIN<\/h3>\r\n[\/vc_column_text][\/vc_column][vc_column width=\u00a0\u00bb1\/4&Prime; el_class=\u00a0\u00bbservice-box\u00a0\u00bb offset=\u00a0\u00bbvc_col-lg-3 vc_col-md-6 vc_col-xs-6&Prime;][vc_single_image image=\u00a0\u00bb1473&Prime; img_size=\u00a0\u00bbfull\u00a0\u00bb alignment=\u00a0\u00bbcenter\u00a0\u00bb el_class=\u00a0\u00bbretina-icon\u00a0\u00bb][vc_column_text]\r\n<h3 style=\"text-align: center;\">ENGRAISSEMENT\r\nD\u2019AGNEAUXET\r\nDE MOUTONS<\/h3>\r\n[\/vc_column_text][\/vc_column][vc_column width=\u00a0\u00bb1\/4&Prime; el_class=\u00a0\u00bbservice-box\u00a0\u00bb offset=\u00a0\u00bbvc_col-lg-3 vc_col-md-6 vc_col-xs-6&Prime;][vc_single_image image=\u00a0\u00bb1465&Prime; img_size=\u00a0\u00bbfull\u00a0\u00bb alignment=\u00a0\u00bbcenter\u00a0\u00bb el_class=\u00a0\u00bbretina-icon\u00a0\u00bb][vc_column_text css=\u00a0\u00bb.vc_custom_1649065988240{background-image: url(https:\/\/www.ganadosmacuto.com\/wp-content\/uploads\/2020\/09\/sello-HALAL-peq.jpg?id=1506) !important;background-position: 0 0 !important;background-repeat: no-repeat !important;}\u00a0\u00bb]\r\n<h3 style=\"text-align: center;\">L\u00b4ABATTAGE\r\nDU B\u00c9TAIL\r\nOVIN<\/h3>\r\n<p style=\"color: #fff;\">.<\/p>\r\n[\/vc_column_text][\/vc_column][vc_column width=\u00a0\u00bb1\/4&Prime; el_class=\u00a0\u00bbservice-box\u00a0\u00bb offset=\u00a0\u00bbvc_col-lg-3 vc_col-md-6 vc_col-xs-6&Prime;][vc_single_image image=\u00a0\u00bb1480&Prime; img_size=\u00a0\u00bbfull\u00a0\u00bb alignment=\u00a0\u00bbcenter\u00a0\u00bb el_class=\u00a0\u00bbretina-icon img-cambio\u00a0\u00bb][vc_column_text]\r\n<h3 style=\"text-align: center;\">TRANSPORT\r\nD\u2019ANIMAUX VIVANTS\r\nET ABATTUS<\/h3>\r\n[\/vc_column_text][\/vc_column][\/vc_row][vc_row full_width=\u00a0\u00bbstretch_row\u00a0\u00bb css=\u00a0\u00bb.vc_custom_1603103124876{padding-top: 3em !important;padding-bottom: 5em !important;background-color: #f2f2f3 !important;}\u00a0\u00bb][vc_column css=\u00a0\u00bb.vc_custom_1599824506685{padding-top: 0px !important;background-position: center !important;background-repeat: no-repeat !important;background-size: cover !important;}\u00a0\u00bb][vc_row_inner css=\u00a0\u00bb.vc_custom_1601545269890{padding-top: 5em !important;padding-bottom: 5em !important;background-color: #f2f2f3 !important;}\u00a0\u00bb][vc_column_inner][vc_custom_heading text=\u00a0\u00bbSERVICES\u00a0\u00bb font_container=\u00a0\u00bbtag:h2|font_size:32|text_align:center|color:%238c704f|line_height:1.3&Prime; google_fonts=\u00a0\u00bbfont_family:Quicksand%3A300%2Cregular%2C700|font_style:700%20bold%20regular%3A700%3Anormal\u00a0\u00bb css=\u00a0\u00bb.vc_custom_1601889266597{padding-top: 0px !important;padding-bottom: 1em !important;}\u00a0\u00bb][vc_column_text]\r\n<p style=\"text-align: center;\">Chez <strong>GANADOS MACUTO<\/strong>, nous avons une vaste exp\u00e9rience dans l\u2019achat de moutons et <strong>d\u2019agneaux pour l\u2019engraissemen<\/strong>t et <strong>leur vente<\/strong> ult\u00e9rieur soutenus par une \u00e9quipe de professionnels hautement qualifi\u00e9s.<\/p>\r\n<p style=\"text-align: center;\">Nous <strong>vendons des animaux vivants<\/strong> et <strong>aussi abattus<\/strong>. Nous offrons \u00e0 nos clients <strong>l\u00b4abattage par l\u2019\u00e9tourdissemen<\/strong>t et aussi <strong>l\u00b4abattage par le \u00ab Rite Halal\u00bb<\/strong>, dans le respect des traditions religieuses.<\/p>\r\n<p style=\"text-align: center;\">Nous g\u00e9rons le <strong>transport<\/strong> d\u2019animaux vivants ou abattus vers la destination demand\u00e9e par nos clients.<\/p>\r\n[\/vc_column_text][\/vc_column_inner][\/vc_row_inner][\/vc_column][\/vc_row][vc_row full_width=\u00a0\u00bbstretch_row_content_no_spaces\u00a0\u00bb equal_height=\u00a0\u00bbyes\u00a0\u00bb content_placement=\u00a0\u00bbmiddle\u00a0\u00bb el_class=\u00a0\u00bbfeature-block\u00a0\u00bb el_id=\u00a0\u00bbcompra\u00a0\u00bb][vc_column width=\u00a0\u00bb1\/2&Prime; css=\u00a0\u00bb.vc_custom_1601651829626{background-image: url(https:\/\/www.ganadosmacuto.com\/wp-content\/uploads\/2020\/10\/Ovejas-macuto.jpg?id=1718) !important;background-position: center !important;background-repeat: no-repeat !important;background-size: cover !important;}\u00a0\u00bb el_class=\u00a0\u00bbcolum\u00a0\u00bb][vc_empty_space height=\u00a0\u00bb600px\u00a0\u00bb][\/vc_column][vc_column width=\u00a0\u00bb1\/2&Prime;][vc_column_text el_class=\u00a0\u00bbtext-block text-estrecho\u00a0\u00bb]\r\n<h2>ACHAT ET VENTE DE BETAIL OVIN<\/h2>\r\nNotre cheptel ovin provient du march\u00e9 espagnol, venant d\u2019Al-Andalus, castillan, aragonais et terres basques ,des races \u00ab\u00a0churra\u00a0\u00bb, \u00ab\u00a0merina\u00a0\u00bb, \u00ab\u00a0latxa\u00a0\u00bb, etc.\r\n\r\nApr\u00e8s une p\u00e9riode d\u2019engraissation, nous proc\u00e9dons \u00e0 la vente de ces animaux vivants ou abattus, \u00e0 la demande de chaque client.[\/vc_column_text][\/vc_column][\/vc_row][vc_row full_width=\u00a0\u00bbstretch_row_content_no_spaces\u00a0\u00bb equal_height=\u00a0\u00bbyes\u00a0\u00bb content_placement=\u00a0\u00bbmiddle\u00a0\u00bb el_class=\u00a0\u00bbfeature-block reverse\u00a0\u00bb el_id=\u00a0\u00bbengorde\u00a0\u00bb][vc_column width=\u00a0\u00bb1\/2&Prime;][vc_column_text el_class=\u00a0\u00bbtext-block text-estrecho\u00a0\u00bb]\r\n<h2 style=\"text-align: right;\">ENGRAISSEMENT D\u2019AGNEAUX ET DE MOUTONS<\/h2>\r\n<p style=\"text-align: right;\">Dans nos \u00e9levages, nous nous consacrons \u00e0 l\u2019engraissement des ovins, avec des syst\u00e8mes automatis\u00e9s, sous un contr\u00f4le strict d\u2019une alimentation \u00e9quilibr\u00e9e, surveill\u00e9e par des nutritionnistes, avecune alimentation 100% naturelle.<\/p>\r\n<p style=\"text-align: right;\">Le bien-\u00eatre des animaux gr\u00e2ce \u00e0 l\u2019alimentation est essentiel pour une croissance et une qualit\u00e9 de la viande excellentes.<\/p>\r\n[\/vc_column_text][\/vc_column][vc_column width=\u00a0\u00bb1\/2&Prime; css=\u00a0\u00bb.vc_custom_1601651836583{background-image: url(https:\/\/www.ganadosmacuto.com\/wp-content\/uploads\/2017\/06\/alimentacion-100-natural-2.jpg?id=1748) !important;background-position: center !important;background-repeat: no-repeat !important;background-size: cover !important;}\u00a0\u00bb el_class=\u00a0\u00bbcolum\u00a0\u00bb][vc_empty_space height=\u00a0\u00bb600px\u00a0\u00bb][\/vc_column][\/vc_row][vc_row full_width=\u00a0\u00bbstretch_row_content_no_spaces\u00a0\u00bb equal_height=\u00a0\u00bbyes\u00a0\u00bb content_placement=\u00a0\u00bbmiddle\u00a0\u00bb el_class=\u00a0\u00bbfeature-block\u00a0\u00bb el_id=\u00a0\u00bbsacrificio\u00a0\u00bb][vc_column width=\u00a0\u00bb1\/2&Prime; css=\u00a0\u00bb.vc_custom_1601651843719{background-image: url(https:\/\/www.ganadosmacuto.com\/wp-content\/uploads\/2020\/10\/Capa-29.jpg?id=1738) !important;background-position: center !important;background-repeat: no-repeat !important;background-size: cover !important;}\u00a0\u00bb el_class=\u00a0\u00bbcolum\u00a0\u00bb][vc_empty_space height=\u00a0\u00bb600px\u00a0\u00bb][\/vc_column][vc_column width=\u00a0\u00bb1\/2&Prime; css=\u00a0\u00bb.vc_custom_1601545069998{background-image: url(https:\/\/www.ganadosmacuto.com\/wp-content\/uploads\/2020\/09\/sello-HALAL-1.jpg?id=1496) !important;background-position: 0 0 !important;background-repeat: no-repeat !important;}\u00a0\u00bb][vc_column_text el_class=\u00a0\u00bbtext-block text-estrecho\u00a0\u00bb css=\u00a0\u00bb.vc_custom_1603102090406{background-position: 0 0 !important;background-repeat: no-repeat !important;}\u00a0\u00bb]\r\n<h2>L\u00b4ABATTAGE DU BETAIL OVIN<\/h2>\r\n<h3><strong>L\u00b4ABATTAGE PAR \u00c9TOURDISSEMENT<\/strong><\/h3>\r\nNous offrons le service d\u2019abattage des animaux par \u00e9tourdissement et livrer les parties de carcasse \u00e0 nos clients.\r\n<h3>L\u00b4ABATTAGE POUR LE \u201cRITE HALAL\u201d<\/h3>\r\nCEn tant que service exclusif \u00e0 la communaut\u00e9 musulmane, nous offrons \u00e9galement des abattages \u00e0 la suite du \u201crite HALAL\u201d, respectueux de la culture et des traditions religieuses.\r\n<blockquote><strong>Certificat d\u00b4abattage HALAL<\/strong><\/blockquote>\r\n[\/vc_column_text][\/vc_column][\/vc_row][vc_row full_width=\u00a0\u00bbstretch_row_content_no_spaces\u00a0\u00bb equal_height=\u00a0\u00bbyes\u00a0\u00bb content_placement=\u00a0\u00bbmiddle\u00a0\u00bb el_class=\u00a0\u00bbfeature-block reverse\u00a0\u00bb el_id=\u00a0\u00bbtransporte\u00a0\u00bb][vc_column width=\u00a0\u00bb1\/2&Prime;][vc_column_text el_class=\u00a0\u00bbtext-block text-estrecho\u00a0\u00bb]\r\n<h2 style=\"text-align: right;\">TRANSPORT D\u2019ANIMAUX VIVANTS ET ABATTUS<\/h2>\r\n<p style=\"text-align: right;\">Nous avons notre propre flotte de transport pour livrer \u00e0 nos clients les animaux vivants et aussi les v\u00e9hicules climatis\u00e9s pour le transport des carcasses.<\/p>\r\n<p style=\"text-align: right;\">CNous avons la certification sanitaire M4 n\u00e9cessaire \u00e0 l\u2019exportation internationale d\u2019animaux.<\/p>\r\n[\/vc_column_text][\/vc_column][vc_column width=\u00a0\u00bb1\/2&Prime; css=\u00a0\u00bb.vc_custom_1601651853112{background-image: url(https:\/\/www.ganadosmacuto.com\/wp-content\/uploads\/2020\/10\/TRASNPORTE2.jpg?id=1721) !important;background-position: center !important;background-repeat: no-repeat !important;background-size: cover !important;}\u00a0\u00bb el_class=\u00a0\u00bbcolum\u00a0\u00bb][vc_empty_space height=\u00a0\u00bb600px\u00a0\u00bb][\/vc_column][\/vc_row]","protected":false},"excerpt":{"rendered":"<p>[vc_row full_width=\u00a0\u00bbstretch_row_content_no_spaces\u00a0\u00bb css=\u00a0\u00bb.vc_custom_1601971127994{margin-bottom: 0px !important;padding-top: 0px !important;}\u00a0\u00bb el_class=\u00a0\u00bbcolum\u00a0\u00bb][vc_column css=\u00a0\u00bb.vc_custom_1601969719140{padding-top: 0px !important;background-image: url(https:\/\/www.ganadosmacuto.com\/wp-content\/uploads\/2020\/10\/banner-pedido.jpg?id=1774) !important;background-position: center !important;background-repeat: no-repeat !important;background-size: cover !important;}\u00a0\u00bb][vc_empty_space height=\u00a0\u00bb350px\u00a0\u00bb][\/vc_column][\/vc_row][vc_row gap=\u00a0\u00bb35&Prime; el_class=\u00a0\u00bbservices-row\u00a0\u00bb css=\u00a0\u00bb.vc_custom_1600074678797{padding-top: 5em !important;padding-bottom: 3em !important;}\u00a0\u00bb][vc_column width=\u00a0\u00bb1\/4&Prime; el_class=\u00a0\u00bbservice-box\u00a0\u00bb offset=\u00a0\u00bbvc_col-lg-3 vc_col-md-6 vc_col-xs-6&Prime;][vc_single_image image=\u00a0\u00bb1472&Prime; img_size=\u00a0\u00bbfull\u00a0\u00bb alignment=\u00a0\u00bbcenter\u00a0\u00bb el_class=\u00a0\u00bbretina-icon\u00a0\u00bb][vc_column_text] ACHAT ET VENTE DE B\u00c9TAIL OVIN [\/vc_column_text][\/vc_column][vc_column width=\u00a0\u00bb1\/4&Prime; el_class=\u00a0\u00bbservice-box\u00a0\u00bb offset=\u00a0\u00bbvc_col-lg-3 vc_col-md-6 vc_col-xs-6&Prime;][vc_single_image image=\u00a0\u00bb1473&Prime; img_size=\u00a0\u00bbfull\u00a0\u00bb alignment=\u00a0\u00bbcenter\u00a0\u00bb el_class=\u00a0\u00bbretina-icon\u00a0\u00bb][vc_column_text] ENGRAISSEMENT D\u2019AGNEAUXET DE&hellip;<\/p>\n","protected":false},"author":1,"featured_media":0,"parent":0,"menu_order":0,"comment_status":"closed","ping_status":"closed","template":"","meta":{"_mi_skip_tracking":false},"aioseo_notices":[],"_links":{"self":[{"href":"https:\/\/www.ganadosmacuto.com\/fr\/wp-json\/wp\/v2\/pages\/1445"}],"collection":[{"href":"https:\/\/www.ganadosmacuto.com\/fr\/wp-json\/wp\/v2\/pages"}],"about":[{"href":"https:\/\/www.ganadosmacuto.com\/fr\/wp-json\/wp\/v2\/types\/page"}],"author":[{"embeddable":true,"href":"https:\/\/www.ganadosmacuto.com\/fr\/wp-json\/wp\/v2\/users\/1"}],"replies":[{"embeddable":true,"href":"https:\/\/www.ganadosmacuto.com\/fr\/wp-json\/wp\/v2\/comments?post=1445"}],"version-history":[{"count":86,"href":"https:\/\/www.ganadosmacuto.com\/fr\/wp-json\/wp\/v2\/pages\/1445\/revisions"}],"predecessor-version":[{"id":2079,"href":"https:\/\/www.ganadosmacuto.com\/fr\/wp-json\/wp\/v2\/pages\/1445\/revisions\/2079"}],"wp:attachment":[{"href":"https:\/\/www.ganadosmacuto.com\/fr\/wp-json\/wp\/v2\/media?parent=1445"}],"curies":[{"name":"wp","href":"https:\/\/api.w.org\/{rel}","templated":true}]}}